{"id":5269,"date":"2026-02-20T15:15:39","date_gmt":"2026-02-20T12:15:39","guid":{"rendered":"https:\/\/muglaotokurtarici.com.tr\/?page_id=5269"},"modified":"2026-02-20T16:34:35","modified_gmt":"2026-02-20T13:34:35","slug":"hakkimizda","status":"publish","type":"page","link":"https:\/\/muglaotokurtarici.com.tr\/index.php\/hakkimizda\/","title":{"rendered":"Hakk\u0131m\u0131zda"},"content":{"rendered":"\t\t<div data-elementor-type=\"wp-page\" data-elementor-id=\"5269\" class=\"elementor elementor-5269\">\n\t\t\t\t<div class=\"elementor-element elementor-element-c3eb9cc e-flex e-con-boxed e-con e-parent\" data-id=\"c3eb9cc\" data-element_type=\"container\" data-e-type=\"container\">\n\t\t\t\t\t<div class=\"e-con-inner\">\n\t\t\t\t\t<\/div>\n\t\t\t\t<\/div>\n\t\t\t\t<section class=\"elementor-section elementor-top-section elementor-element elementor-element-1bb76e92 elementor-section-content-middle ot-traditional elementor-section-boxed elementor-section-height-default elementor-section-height-default\" data-id=\"1bb76e92\" data-element_type=\"section\" data-e-type=\"section\" data-settings=\"{&quot;background_background&quot;:&quot;classic&quot;}\">\n\t\t\t\t\t\t<div class=\"elementor-container elementor-column-gap-extended\">\n\t\t\t\t\t<div class=\"elementor-column elementor-col-50 elementor-top-column elementor-element elementor-element-b9e8e5 ot-flex-column-vertical\" data-id=\"b9e8e5\" data-element_type=\"column\" data-e-type=\"column\">\n\t\t\t<div class=\"elementor-widget-wrap elementor-element-populated\">\n\t\t\t\t\t\t<div class=\"elementor-element elementor-element-b5880ea elementor-widget elementor-widget-iheading\" data-id=\"b5880ea\" data-element_type=\"widget\" data-e-type=\"widget\" data-widget_type=\"iheading.default\">\n\t\t\t\t<div class=\"elementor-widget-container\">\n\t\t\t\t\t\t\t<div class=\"ot-heading\">\r\n\t        \t            <span>\/\/ MU\u011eLA OTO \u00c7EK\u0130C\u0130<\/span>\r\n\t        <h2 class=\"main-heading\">Hakk\u0131m\u0131zda<\/h2>\t    <\/div>\r\n\t    \t\t\t\t<\/div>\n\t\t\t\t<\/div>\n\t\t\t\t<div class=\"elementor-element elementor-element-6b15e384 elementor-widget elementor-widget-text-editor\" data-id=\"6b15e384\" data-element_type=\"widget\" data-e-type=\"widget\" data-widget_type=\"text-editor.default\">\n\t\t\t\t\t\t\t\t\t<p data-start=\"141\" data-end=\"448\"><strong>Mu\u011fla genelinde oto \u00e7ekici<\/strong> ve oto kurtar\u0131c\u0131 hizmeti sunan firmam\u0131z, 10 y\u0131l\u0131 a\u015fk\u0131n sekt\u00f6r tecr\u00fcbesiyle yol yard\u0131m alan\u0131nda g\u00fcvenilir ve profesyonel \u00e7\u00f6z\u00fcmler \u00fcretmektedir. Yolda kald\u0131\u011f\u0131n\u0131z her an\u0131n ne kadar stresli oldu\u011funu biliyor, bu y\u00fczden h\u0131zl\u0131, g\u00fcvenli ve titiz bir hizmet anlay\u0131\u015f\u0131yla hareket ediyoruz.<\/p><p data-start=\"450\" data-end=\"736\">Ba\u015fta <span class=\"hover:entity-accent entity-underline inline cursor-pointer align-baseline\"><span class=\"whitespace-normal\">Mu\u011fla<\/span><\/span> olmak \u00fczere t\u00fcm il\u00e7elerde 7\/24 aktif olarak hizmet veriyoruz. Deneyimli ekibimiz ve modern ekipmanlar\u0131m\u0131zla; \u015fehir i\u00e7i ve \u015fehirler aras\u0131 ara\u00e7 ta\u015f\u0131ma, kaza sonras\u0131 kurtarma, ar\u0131za durumlar\u0131nda yol yard\u0131m ve g\u00fcvenli \u00e7ekici hizmeti sa\u011fl\u0131yoruz.<\/p><p data-start=\"738\" data-end=\"1002\">M\u00fc\u015fteri memnuniyetini her zaman \u00f6n planda tutan firmam\u0131z, arac\u0131n\u0131z\u0131 kendi arac\u0131m\u0131z gibi sahiplenir. Zaman\u0131nda m\u00fcdahale, uygun fiyat politikas\u0131 ve profesyonel yakla\u015f\u0131m\u0131m\u0131z sayesinde b\u00f6lgede tercih edilen oto kurtarma firmalar\u0131ndan biri olman\u0131n gururunu ya\u015f\u0131yoruz.<\/p><p data-start=\"1004\" data-end=\"1126\">Yolda kald\u0131\u011f\u0131n\u0131zda bir telefon kadar yak\u0131n\u0131z. G\u00fcvenli, h\u0131zl\u0131 ve sorunsuz oto \u00e7ekici hizmeti i\u00e7in her zaman yan\u0131n\u0131zday\u0131z.<\/p>\t\t\t\t\t\t\t\t<\/div>\n\t\t\t\t\t<\/div>\n\t\t<\/div>\n\t\t\t\t<div class=\"elementor-column elementor-col-50 elementor-top-column elementor-element elementor-element-4521645a ot-flex-column-vertical\" data-id=\"4521645a\" data-element_type=\"column\" data-e-type=\"column\">\n\t\t\t<div class=\"elementor-widget-wrap elementor-element-populated\">\n\t\t\t\t\t\t<section class=\"elementor-section elementor-inner-section elementor-element elementor-element-5ec5780b elementor-section-full_width ot-layout_block elementor-section-height-default elementor-section-height-default\" data-id=\"5ec5780b\" data-element_type=\"section\" data-e-type=\"section\">\n\t\t\t\t\t\t<div class=\"elementor-container elementor-column-gap-extended\">\n\t\t\t\t\t<div class=\"elementor-column elementor-col-100 elementor-inner-column elementor-element elementor-element-4de64f9b ot-flex-column-vertical\" data-id=\"4de64f9b\" data-element_type=\"column\" data-e-type=\"column\">\n\t\t\t<div class=\"elementor-widget-wrap elementor-element-populated\">\n\t\t\t\t\t\t<div class=\"elementor-element elementor-element-424ce71b elementor-widget elementor-widget-image\" data-id=\"424ce71b\" data-element_type=\"widget\" data-e-type=\"widget\" data-widget_type=\"image.default\">\n\t\t\t\t\t\t\t\t\t\t\t\t\t\t\t<img fetchpriority=\"high\" decoding=\"async\" width=\"570\" height=\"540\" src=\"https:\/\/muglaotokurtarici.com.tr\/wp-content\/uploads\/2026\/02\/muglaotokurtarici.png\" class=\"attachment-full size-full wp-image-5275\" alt=\"\" srcset=\"https:\/\/muglaotokurtarici.com.tr\/wp-content\/uploads\/2026\/02\/muglaotokurtarici.png 570w, https:\/\/muglaotokurtarici.com.tr\/wp-content\/uploads\/2026\/02\/muglaotokurtarici-300x284.png 300w\" sizes=\"(max-width: 570px) 100vw, 570px\" \/>\t\t\t\t\t\t\t\t\t\t\t\t\t\t\t<\/div>\n\t\t\t\t\t<\/div>\n\t\t<\/div>\n\t\t\t\t\t<\/div>\n\t\t<\/section>\n\t\t\t\t\t<\/div>\n\t\t<\/div>\n\t\t\t\t\t<\/div>\n\t\t<\/section>\n\t\t\t\t<\/div>\n\t\t","protected":false},"excerpt":{"rendered":"<p>\/\/ MU\u011eLA OTO \u00c7EK\u0130C\u0130 Hakk\u0131m\u0131zda Mu\u011fla genelinde oto \u00e7ekici ve oto kurtar\u0131c\u0131 hizmeti sunan firmam\u0131z, 10 y\u0131l\u0131 a\u015fk\u0131n sekt\u00f6r tecr\u00fcbesiyle yol yard\u0131m alan\u0131nda g\u00fcvenilir ve profesyonel \u00e7\u00f6z\u00fcmler \u00fcretmektedir. Yolda kald\u0131\u011f\u0131n\u0131z her an\u0131n ne kadar stresli oldu\u011funu biliyor, bu y\u00fczden h\u0131zl\u0131, g\u00fcvenli ve titiz bir hizmet anlay\u0131\u015f\u0131yla hareket ediyoruz. Ba\u015fta Mu\u011fla olmak \u00fczere t\u00fcm il\u00e7elerde 7\/24 [&hellip;]<\/p>\n","protected":false},"author":1,"featured_media":0,"parent":0,"menu_order":0,"comment_status":"closed","ping_status":"closed","template":"","meta":{"footnotes":""},"class_list":["post-5269","page","type-page","status-publish","hentry"],"_links":{"self":[{"href":"https:\/\/muglaotokurtarici.com.tr\/index.php\/wp-json\/wp\/v2\/pages\/5269","targetHints":{"allow":["GET"]}}],"collection":[{"href":"https:\/\/muglaotokurtarici.com.tr\/index.php\/wp-json\/wp\/v2\/pages"}],"about":[{"href":"https:\/\/muglaotokurtarici.com.tr\/index.php\/wp-json\/wp\/v2\/types\/page"}],"author":[{"embeddable":true,"href":"https:\/\/muglaotokurtarici.com.tr\/index.php\/wp-json\/wp\/v2\/users\/1"}],"replies":[{"embeddable":true,"href":"https:\/\/muglaotokurtarici.com.tr\/index.php\/wp-json\/wp\/v2\/comments?post=5269"}],"version-history":[{"count":4,"href":"https:\/\/muglaotokurtarici.com.tr\/index.php\/wp-json\/wp\/v2\/pages\/5269\/revisions"}],"predecessor-version":[{"id":5278,"href":"https:\/\/muglaotokurtarici.com.tr\/index.php\/wp-json\/wp\/v2\/pages\/5269\/revisions\/5278"}],"wp:attachment":[{"href":"https:\/\/muglaotokurtarici.com.tr\/index.php\/wp-json\/wp\/v2\/media?parent=5269"}],"curies":[{"name":"wp","href":"https:\/\/api.w.org\/{rel}","templated":true}]}}